{"id":3845,"date":"2023-03-18T07:10:54","date_gmt":"2023-03-18T07:10:54","guid":{"rendered":"https:\/\/www.hotel-saint-laurent.com\/contact\/"},"modified":"2024-08-02T15:13:00","modified_gmt":"2024-08-02T15:13:00","slug":"contact","status":"publish","type":"page","link":"https:\/\/www.hotel-saint-laurent.com\/en\/contact\/","title":{"rendered":"Contact"},"content":{"rendered":"\t\t<div data-elementor-type=\"wp-page\" data-elementor-id=\"3845\" class=\"elementor elementor-3845 elementor-697\">\n\t\t\t\t\t\t<section class=\"elementor-section elementor-top-section elementor-element elementor-element-ca1656d elementor-section-height-min-height cs-section-content-fullwidth cs-parallax-on-scroll cs_scroll_y_150 elementor-section-boxed elementor-section-height-default elementor-section-items-middle\" data-id=\"ca1656d\" data-element_type=\"section\" data-e-type=\"section\" data-settings=\"{&quot;background_background&quot;:&quot;classic&quot;}\" data-cs-parallax-y=\"150\" style=\"background-image: none;\" data-cs-background-image=\"https:\/\/www.hotel-saint-laurent.com\/wp-content\/uploads\/2024\/05\/computer-1185626_1920-min.webp\">\n\t\t\t\t\t\t\t<div class=\"elementor-background-overlay\"><\/div>\n\t\t\t\t\t\t\t<div class=\"elementor-container elementor-column-gap-no\">\n\t\t\t\t\t<div class=\"elementor-column elementor-col-100 elementor-top-column elementor-element elementor-element-6b2c1df dark-color\" data-id=\"6b2c1df\" data-element_type=\"column\" data-e-type=\"column\">\n\t\t\t<div class=\"elementor-widget-wrap elementor-element-populated\">\n\t\t\t\t\t\t<div class=\"elementor-element elementor-element-ed3f97e elementor-widget elementor-widget-cs_title\" data-id=\"ed3f97e\" data-element_type=\"widget\" data-e-type=\"widget\" data-widget_type=\"cs_title.default\">\n\t\t\t\t<div class=\"elementor-widget-container\">\n\t\t\t\t\t\n        <div class=\"cs-title-wrap text-center\">\t            <h1 class=\"cs-title\">\n\t                Contact\t            <\/h1>\t            <div class=\"cs-title-text\">\n\t                <p>For reservations and inquiries &#8230;<\/p>\n\t            <\/div>                <div class=\"cs-title-btn\">\n                    <a class=\"button elementor-button-link\" role=\"button\" href=\"https:\/\/app.thebookingbutton.com\/properties\/saintlaurentdirect\" target=\"_blank\">\n                        <span class=\"cs-btn-text\">BOOK NOW<\/span>                    <\/a>\n                <\/div>\n                    <\/div>\t\t\t\t<\/div>\n\t\t\t\t<\/div>\n\t\t\t\t\t<\/div>\n\t\t<\/div>\n\t\t\t\t\t<\/div>\n\t\t<\/section>\n\t\t\t\t<section class=\"elementor-section elementor-top-section elementor-element elementor-element-ac9ba41 elementor-section-full_width elementor-section-content-middle elementor-section-height-default elementor-section-height-default\" data-id=\"ac9ba41\" data-element_type=\"section\" data-e-type=\"section\">\n\t\t\t\t\t\t<div class=\"elementor-container elementor-column-gap-no\">\n\t\t\t\t\t<div class=\"elementor-column elementor-col-50 elementor-top-column elementor-element elementor-element-a9f3bc2\" data-id=\"a9f3bc2\" data-element_type=\"column\" data-e-type=\"column\">\n\t\t\t<div class=\"elementor-widget-wrap elementor-element-populated\">\n\t\t\t\t\t\t<div class=\"elementor-element elementor-element-d6a0979 elementor-widget elementor-widget-cs_title\" data-id=\"d6a0979\" data-element_type=\"widget\" data-e-type=\"widget\" data-widget_type=\"cs_title.default\">\n\t\t\t\t<div class=\"elementor-widget-container\">\n\t\t\t\t\t\n        <div class=\"cs-title-wrap\">\t            <div class=\"cs-subtitle-wrap\"><span class=\"cs-subtitle\">Contact information<\/span><\/div>\t            <h5 class=\"cs-title\">\n\t                Saint-Laurent Hotel\t            <\/h5>\t            <div class=\"cs-title-text\">\n\t                <p>21, rue des Foss\u00e9s<br \/>10400 NOGENT SUR SEINE<br \/>France<\/p>\n<p><strong>Tel:<\/strong> <a href=\"tel:+6793456788\">+33 (0)3 25 39 71 46<\/a><br \/><strong>Email:<\/strong> <a href=\"mailto:contact@hotelsaintlaurent.fr\">contact@hotelsaintlaurent.fr<\/a><\/p>\n\t            <\/div>        <\/div>\t\t\t\t<\/div>\n\t\t\t\t<\/div>\n\t\t\t\t<div class=\"elementor-element elementor-element-27ae3a6 elementor-widget-divider--view-line elementor-widget elementor-widget-divider\" data-id=\"27ae3a6\" data-element_type=\"widget\" data-e-type=\"widget\" data-widget_type=\"divider.default\">\n\t\t\t\t<div class=\"elementor-widget-container\">\n\t\t\t\t\t\t\t<div class=\"elementor-divider\">\n\t\t\t<span class=\"elementor-divider-separator\">\n\t\t\t\t\t\t<\/span>\n\t\t<\/div>\n\t\t\t\t\t\t<\/div>\n\t\t\t\t<\/div>\n\t\t\t\t<section class=\"elementor-section elementor-inner-section elementor-element elementor-element-06aaef6 elementor-section-boxed elementor-section-height-default elementor-section-height-default\" data-id=\"06aaef6\" data-element_type=\"section\" data-e-type=\"section\">\n\t\t\t\t\t\t<div class=\"elementor-container elementor-column-gap-no\">\n\t\t\t\t\t<div class=\"elementor-column elementor-col-100 elementor-inner-column elementor-element elementor-element-c6d447a\" data-id=\"c6d447a\" data-element_type=\"column\" data-e-type=\"column\">\n\t\t\t<div class=\"elementor-widget-wrap elementor-element-populated\">\n\t\t\t\t\t\t<div class=\"elementor-element elementor-element-a679ad2 elementor-widget elementor-widget-cs_title\" data-id=\"a679ad2\" data-element_type=\"widget\" data-e-type=\"widget\" data-widget_type=\"cs_title.default\">\n\t\t\t\t<div class=\"elementor-widget-container\">\n\t\t\t\t\t\n        <div class=\"cs-title-wrap\">\t            <h6 class=\"cs-title\">\n\t                Arriv\u00e9 - D\u00e9part (Check-in - Check-out)\t            <\/h6>\t            <div class=\"cs-title-text\">\n\t                <p><strong>Arrival<\/strong> from 3:00 pm<br \/><strong>Departure<\/strong>&nbsp;until 12:00 pm<\/p>\n<p><strong>The reception is open:<\/strong><br \/>Monday to Friday from 6:30 am to 10:00 pm<br \/>Saturday from 7:30 am to 10:00 pm (high season)<br \/>Saturday from 7:30 am to 9:00 pm (low season)<br \/>Sunday and public holidays from 7:30 am to 1:00 pm and 3:00 pm to 7:00 pm (high season)<br \/>Sunday and public holidays from 7:30 am to 12:30 pm (low season)<\/p>\n<p>OUTSIDE RECEPTION OPENING HOURS, arrival is POSSIBLE.<\/p>\n<p>Annual closure: &#8220;Christmas Week and New Year&#8217;s Day&#8221;.<\/p>\n\t            <\/div>        <\/div>\t\t\t\t<\/div>\n\t\t\t\t<\/div>\n\t\t\t\t\t<\/div>\n\t\t<\/div>\n\t\t\t\t\t<\/div>\n\t\t<\/section>\n\t\t\t\t\t<\/div>\n\t\t<\/div>\n\t\t\t\t<div class=\"elementor-column elementor-col-50 elementor-top-column elementor-element elementor-element-a630739\" data-id=\"a630739\" data-element_type=\"column\" data-e-type=\"column\" data-settings=\"{&quot;background_background&quot;:&quot;classic&quot;}\">\n\t\t\t<div class=\"elementor-widget-wrap elementor-element-populated\">\n\t\t\t\t\t\t<section class=\"elementor-section elementor-inner-section elementor-element elementor-element-1165b93 elementor-section-boxed elementor-section-height-default elementor-section-height-default\" data-id=\"1165b93\" data-element_type=\"section\" data-e-type=\"section\" data-settings=\"{&quot;background_background&quot;:&quot;classic&quot;}\">\n\t\t\t\t\t\t<div class=\"elementor-container elementor-column-gap-no\">\n\t\t\t\t\t<div class=\"elementor-column elementor-col-100 elementor-inner-column elementor-element elementor-element-c8421f3\" data-id=\"c8421f3\" data-element_type=\"column\" data-e-type=\"column\">\n\t\t\t<div class=\"elementor-widget-wrap elementor-element-populated\">\n\t\t\t\t\t\t<div class=\"elementor-element elementor-element-ee636a2 elementor-widget elementor-widget-cs_title\" data-id=\"ee636a2\" data-element_type=\"widget\" data-e-type=\"widget\" data-widget_type=\"cs_title.default\">\n\t\t\t\t<div class=\"elementor-widget-container\">\n\t\t\t\t\t\n        <div class=\"cs-title-wrap text-center\">\t            <h1 class=\"cs-title\">\n\t                Leave us your message and we'll get back to you as soon as possible&nbsp;!\t            <\/h1>        <\/div>\t\t\t\t<\/div>\n\t\t\t\t<\/div>\n\t\t\t\t<div class=\"elementor-element elementor-element-d1eca60 elementor-widget elementor-widget-cs_form_cf7\" data-id=\"d1eca60\" data-element_type=\"widget\" data-e-type=\"widget\" data-widget_type=\"cs_form_cf7.default\">\n\t\t\t\t<div class=\"elementor-widget-container\">\n\t\t\t\t\t            <div class=\"cs-form-cf7 placeholder-normal\">\n                <div class=\"cs-form-cf7-wrap\">\n<div class=\"wpcf7 no-js\" id=\"wpcf7-f3886-o1\" lang=\"en-US\" dir=\"ltr\" data-wpcf7-id=\"3886\">\n<div class=\"screen-reader-response\"><p role=\"status\" aria-live=\"polite\" aria-atomic=\"true\"><\/p> <ul><\/ul><\/div>\n<form action=\"\/en\/wp-json\/wp\/v2\/pages\/3845#wpcf7-f3886-o1\" method=\"post\" class=\"wpcf7-form init\" aria-label=\"Contact form\" novalidate=\"novalidate\" data-status=\"init\">\n<fieldset class=\"hidden-fields-container\"><input type=\"hidden\" name=\"_wpcf7\" value=\"3886\" \/><input type=\"hidden\" name=\"_wpcf7_version\" value=\"6.1.5\" \/><input type=\"hidden\" name=\"_wpcf7_locale\" value=\"en_US\" \/><input type=\"hidden\" name=\"_wpcf7_unit_tag\" value=\"wpcf7-f3886-o1\" \/><input type=\"hidden\" name=\"_wpcf7_container_post\" value=\"0\" \/><input type=\"hidden\" name=\"_wpcf7_posted_data_hash\" value=\"\" \/>\n<\/fieldset>\n<p><span id=\"wpcf7-69f22ec21d6fb-wrapper\" class=\"wpcf7-form-control-wrap miammiam-781-wrap\" style=\"display:none !important; visibility:hidden !important;\"><input type=\"hidden\" name=\"miammiam-781-time-start\" value=\"1777479362\"><input type=\"hidden\" name=\"miammiam-781-time-check\" value=\"4\"><label for=\"wpcf7-69f22ec21d6fb-field\" class=\"hp-message\">Please leave this field empty.<\/label><input id=\"wpcf7-69f22ec21d6fb-field\"  class=\"wpcf7-form-control wpcf7-text\" type=\"text\" name=\"miammiam-781\" value=\"\" size=\"40\" tabindex=\"-1\" autocomplete=\"new-password\" \/><\/span><label> Your name : <span class=\"wpcf7-form-control-wrap\" data-name=\"your-name\"><input size=\"40\" maxlength=\"400\" class=\"wpcf7-form-control wpcf7-text wpcf7-validates-as-required\" autocomplete=\"name\" aria-required=\"true\" aria-invalid=\"false\" value=\"\" type=\"text\" name=\"your-name\" \/><\/span> <\/label>\n<\/p>\n<p><label> Your email <span class=\"wpcf7-form-control-wrap\" data-name=\"your-email\"><input size=\"40\" maxlength=\"400\" class=\"wpcf7-form-control wpcf7-email wpcf7-validates-as-required wpcf7-text wpcf7-validates-as-email\" autocomplete=\"email\" aria-required=\"true\" aria-invalid=\"false\" value=\"\" type=\"email\" name=\"your-email\" \/><\/span> <\/label>\n<\/p>\n<p><label> Subject : <span class=\"wpcf7-form-control-wrap\" data-name=\"your-subject\"><input size=\"40\" maxlength=\"400\" class=\"wpcf7-form-control wpcf7-text wpcf7-validates-as-required\" aria-required=\"true\" aria-invalid=\"false\" value=\"\" type=\"text\" name=\"your-subject\" \/><\/span> <\/label>\n<\/p>\n<p><label> Your message (optional) <span class=\"wpcf7-form-control-wrap\" data-name=\"your-message\"><textarea cols=\"40\" rows=\"10\" maxlength=\"2000\" class=\"wpcf7-form-control wpcf7-textarea\" aria-invalid=\"false\" name=\"your-message\"><\/textarea><\/span> <\/label>\n<\/p>\n<p><input class=\"wpcf7-form-control wpcf7-submit has-spinner\" type=\"submit\" value=\"Send\" \/>\n<\/p><div class=\"wpcf7-response-output\" aria-hidden=\"true\"><\/div>\n<\/form>\n<\/div>\n<\/div>\n            <\/div>\t\t\t\t<\/div>\n\t\t\t\t<\/div>\n\t\t\t\t\t<\/div>\n\t\t<\/div>\n\t\t\t\t\t<\/div>\n\t\t<\/section>\n\t\t\t\t\t<\/div>\n\t\t<\/div>\n\t\t\t\t\t<\/div>\n\t\t<\/section>\n\t\t\t\t<section class=\"elementor-section elementor-top-section elementor-element elementor-element-4f678a93 elementor-section-full_width elementor-section-height-default elementor-section-height-default\" data-id=\"4f678a93\" data-element_type=\"section\" data-e-type=\"section\">\n\t\t\t\t\t\t<div class=\"elementor-container elementor-column-gap-no\">\n\t\t\t\t\t<div class=\"elementor-column elementor-col-100 elementor-top-column elementor-element elementor-element-1b887a50\" data-id=\"1b887a50\" data-element_type=\"column\" data-e-type=\"column\">\n\t\t\t<div class=\"elementor-widget-wrap elementor-element-populated\">\n\t\t\t\t\t\t<div class=\"elementor-element elementor-element-5f2bae7 elementor-widget elementor-widget-image\" data-id=\"5f2bae7\" data-element_type=\"widget\" data-e-type=\"widget\" data-widget_type=\"image.default\">\n\t\t\t\t<div class=\"elementor-widget-container\">\n\t\t\t\t\t\t\t\t\t\t\t\t\t\t\t\t<a href=\"https:\/\/www.google.com\/maps\/place\/H%C3%B4tel+Saint+Laurent\/@48.4922253,3.4971375,17z\/data=!4m9!3m8!1s0x47ef27f13977d369:0x3dc068af443932c6!5m2!4m1!1i2!8m2!3d48.4922218!4d3.4997124!16s%2Fg%2F1tf6r3dw?entry=ttu\" target=\"_blank\" rel=\"nofollow\">\n\t\t\t\t\t\t\t<img fetchpriority=\"high\" decoding=\"async\" width=\"2000\" height=\"400\" src=\"https:\/\/www.hotel-saint-laurent.com\/wp-content\/uploads\/2024\/05\/map_r_2000.jpg\" class=\"attachment-full size-full wp-image-3801\" alt=\"\" srcset=\"https:\/\/www.hotel-saint-laurent.com\/wp-content\/uploads\/2024\/05\/map_r_2000.jpg 2000w, https:\/\/www.hotel-saint-laurent.com\/wp-content\/uploads\/2024\/05\/map_r_2000-300x60.jpg 300w, https:\/\/www.hotel-saint-laurent.com\/wp-content\/uploads\/2024\/05\/map_r_2000-1024x205.jpg 1024w, https:\/\/www.hotel-saint-laurent.com\/wp-content\/uploads\/2024\/05\/map_r_2000-768x154.jpg 768w, https:\/\/www.hotel-saint-laurent.com\/wp-content\/uploads\/2024\/05\/map_r_2000-1536x307.jpg 1536w, https:\/\/www.hotel-saint-laurent.com\/wp-content\/uploads\/2024\/05\/map_r_2000-1920x384.jpg 1920w, https:\/\/www.hotel-saint-laurent.com\/wp-content\/uploads\/2024\/05\/map_r_2000-1440x288.jpg 1440w, https:\/\/www.hotel-saint-laurent.com\/wp-content\/uploads\/2024\/05\/map_r_2000-1200x240.jpg 1200w, https:\/\/www.hotel-saint-laurent.com\/wp-content\/uploads\/2024\/05\/map_r_2000-780x156.jpg 780w, https:\/\/www.hotel-saint-laurent.com\/wp-content\/uploads\/2024\/05\/map_r_2000-600x120.jpg 600w, https:\/\/www.hotel-saint-laurent.com\/wp-content\/uploads\/2024\/05\/map_r_2000-550x110.jpg 550w, https:\/\/www.hotel-saint-laurent.com\/wp-content\/uploads\/2024\/05\/map_r_2000-370x74.jpg 370w, https:\/\/www.hotel-saint-laurent.com\/wp-content\/uploads\/2024\/05\/map_r_2000-255x51.jpg 255w\" sizes=\"(max-width: 2000px) 100vw, 2000px\" \/>\t\t\t\t\t\t\t\t<\/a>\n\t\t\t\t\t\t\t\t\t\t\t\t\t\t\t<\/div>\n\t\t\t\t<\/div>\n\t\t\t\t\t<\/div>\n\t\t<\/div>\n\t\t\t\t\t<\/div>\n\t\t<\/section>\n\t\t\t\t<\/div>\n\t\t","protected":false},"excerpt":{"rendered":"<p>Contact For reservations and inquiries &#8230; BOOK NOW Contact information Saint-Laurent Hotel 21, rue des Foss\u00e9s10400 NOGENT SUR SEINEFrance Tel: +33 (0)3 25 39 71 46Email: contact@hotelsaintlaurent.fr Arriv\u00e9 &#8211; D\u00e9part (Check-in &#8211; Check-out) Arrival from 3:00 pmDeparture&nbsp;until 12:00 pm The reception is open:Monday to Friday from 6:30 am to 10:00 pmSaturday from 7:30 am to &#8230;<\/p>\n","protected":false},"author":1,"featured_media":0,"parent":0,"menu_order":0,"comment_status":"closed","ping_status":"closed","template":"template-wide-content.php","meta":{"cozystay_single_page_hide_site_header":"","cozystay_single_page_site_header_source":"","cozystay_single_page_custom_site_header":"0","cozystay_single_page_custom_sticky_site_header":"0","cozystay_single_page_hide_page_title":"on","cozystay_single_page_header_section_size":"","cozystay_single_page_header_background_color":"","cozystay_single_page_header_background_position_x":"center","cozystay_single_page_header_background_position_y":"center","cozystay_single_page_header_background_size":"cover","cozystay_single_page_header_background_repeat":"off","cozystay_single_page_header_background_scroll":"on","cozystay_single_page_header_text_color":"","cozystay_single_page_header_show_breadcrumb":"","cozystay_single_page_site_footer_hide_main":"","cozystay_single_custom_site_footer_main_source":"","cozystay_single_custom_site_footer_main":"0","cozystay_single_page_site_footer_hide_above":"","cozystay_single_custom_site_footer_above_source":"","cozystay_single_custom_site_footer_above":"0","cozystay_single_page_site_footer_hide_instagram":"","cozystay_single_page_site_footer_hide_bottom":"","cozystay_single_custom_mobile_menu_source":"","cozystay_single_custom_mobile_menu":"0","cozystay_single_custom_mobile_menu_animation":"","cozystay_single_custom_mobile_menu_width":"","cozystay_single_custom_mobile_menu_custom_width":375,"footnotes":""},"class_list":["post-3845","page","type-page","status-publish","hentry"],"yoast_head":"<!-- This site is optimized with the Yoast SEO plugin v27.5 - https:\/\/yoast.com\/product\/yoast-seo-wordpress\/ -->\n<title>Contact - Hotel Saint Laurent<\/title>\n<meta name=\"robots\" content=\"index, follow, max-snippet:-1, max-image-preview:large, max-video-preview:-1\" \/>\n<link rel=\"canonical\" href=\"https:\/\/www.hotel-saint-laurent.com\/en\/contact\/\" \/>\n<meta property=\"og:locale\" content=\"en_US\" \/>\n<meta property=\"og:type\" content=\"article\" \/>\n<meta property=\"og:title\" content=\"Contact - Hotel Saint Laurent\" \/>\n<meta property=\"og:description\" content=\"Contact For reservations and inquiries &#8230; BOOK NOW Contact information Saint-Laurent Hotel 21, rue des Foss\u00e9s10400 NOGENT SUR SEINEFrance Tel: +33 (0)3 25 39 71 46Email: contact@hotelsaintlaurent.fr Arriv\u00e9 &#8211; D\u00e9part (Check-in &#8211; Check-out) Arrival from 3:00 pmDeparture&nbsp;until 12:00 pm The reception is open:Monday to Friday from 6:30 am to 10:00 pmSaturday from 7:30 am to ...\" \/>\n<meta property=\"og:url\" content=\"https:\/\/www.hotel-saint-laurent.com\/en\/contact\/\" \/>\n<meta property=\"og:site_name\" content=\"Hotel Saint Laurent\" \/>\n<meta property=\"article:modified_time\" content=\"2024-08-02T15:13:00+00:00\" \/>\n<meta property=\"og:image\" content=\"https:\/\/www.hotel-saint-laurent.com\/wp-content\/uploads\/2024\/05\/map_r_2000.jpg\" \/>\n<meta name=\"twitter:card\" content=\"summary_large_image\" \/>\n<meta name=\"twitter:label1\" content=\"Est. reading time\" \/>\n\t<meta name=\"twitter:data1\" content=\"1 minute\" \/>\n<script type=\"application\/ld+json\" class=\"yoast-schema-graph\">{\"@context\":\"https:\\\/\\\/schema.org\",\"@graph\":[{\"@type\":\"WebPage\",\"@id\":\"https:\\\/\\\/www.hotel-saint-laurent.com\\\/en\\\/contact\\\/\",\"url\":\"https:\\\/\\\/www.hotel-saint-laurent.com\\\/en\\\/contact\\\/\",\"name\":\"Contact - Hotel Saint Laurent\",\"isPartOf\":{\"@id\":\"https:\\\/\\\/www.hotel-saint-laurent.com\\\/en\\\/#website\"},\"primaryImageOfPage\":{\"@id\":\"https:\\\/\\\/www.hotel-saint-laurent.com\\\/en\\\/contact\\\/#primaryimage\"},\"image\":{\"@id\":\"https:\\\/\\\/www.hotel-saint-laurent.com\\\/en\\\/contact\\\/#primaryimage\"},\"thumbnailUrl\":\"https:\\\/\\\/www.hotel-saint-laurent.com\\\/wp-content\\\/uploads\\\/2024\\\/05\\\/map_r_2000.jpg\",\"datePublished\":\"2023-03-18T07:10:54+00:00\",\"dateModified\":\"2024-08-02T15:13:00+00:00\",\"breadcrumb\":{\"@id\":\"https:\\\/\\\/www.hotel-saint-laurent.com\\\/en\\\/contact\\\/#breadcrumb\"},\"inLanguage\":\"en-US\",\"potentialAction\":[{\"@type\":\"ReadAction\",\"target\":[\"https:\\\/\\\/www.hotel-saint-laurent.com\\\/en\\\/contact\\\/\"]}]},{\"@type\":\"ImageObject\",\"inLanguage\":\"en-US\",\"@id\":\"https:\\\/\\\/www.hotel-saint-laurent.com\\\/en\\\/contact\\\/#primaryimage\",\"url\":\"https:\\\/\\\/www.hotel-saint-laurent.com\\\/wp-content\\\/uploads\\\/2024\\\/05\\\/map_r_2000.jpg\",\"contentUrl\":\"https:\\\/\\\/www.hotel-saint-laurent.com\\\/wp-content\\\/uploads\\\/2024\\\/05\\\/map_r_2000.jpg\"},{\"@type\":\"BreadcrumbList\",\"@id\":\"https:\\\/\\\/www.hotel-saint-laurent.com\\\/en\\\/contact\\\/#breadcrumb\",\"itemListElement\":[{\"@type\":\"ListItem\",\"position\":1,\"name\":\"Accueil\",\"item\":\"https:\\\/\\\/www.hotel-saint-laurent.com\\\/en\\\/\"},{\"@type\":\"ListItem\",\"position\":2,\"name\":\"Contact\"}]},{\"@type\":\"WebSite\",\"@id\":\"https:\\\/\\\/www.hotel-saint-laurent.com\\\/en\\\/#website\",\"url\":\"https:\\\/\\\/www.hotel-saint-laurent.com\\\/en\\\/\",\"name\":\"Hotel Saint Laurent\",\"description\":\"Le Bien \u00eatre \u00e0 Nogent-sur-seine ...\",\"publisher\":{\"@id\":\"https:\\\/\\\/www.hotel-saint-laurent.com\\\/en\\\/#organization\"},\"potentialAction\":[{\"@type\":\"SearchAction\",\"target\":{\"@type\":\"EntryPoint\",\"urlTemplate\":\"https:\\\/\\\/www.hotel-saint-laurent.com\\\/en\\\/?s={search_term_string}\"},\"query-input\":{\"@type\":\"PropertyValueSpecification\",\"valueRequired\":true,\"valueName\":\"search_term_string\"}}],\"inLanguage\":\"en-US\"},{\"@type\":\"Organization\",\"@id\":\"https:\\\/\\\/www.hotel-saint-laurent.com\\\/en\\\/#organization\",\"name\":\"Hotel Saint Laurent\",\"url\":\"https:\\\/\\\/www.hotel-saint-laurent.com\\\/en\\\/\",\"logo\":{\"@type\":\"ImageObject\",\"inLanguage\":\"en-US\",\"@id\":\"https:\\\/\\\/www.hotel-saint-laurent.com\\\/en\\\/#\\\/schema\\\/logo\\\/image\\\/\",\"url\":\"https:\\\/\\\/www.hotel-saint-laurent.com\\\/wp-content\\\/uploads\\\/2024\\\/05\\\/LOGO-HOTEL-SAINT-LAURENT-WHITE.png\",\"contentUrl\":\"https:\\\/\\\/www.hotel-saint-laurent.com\\\/wp-content\\\/uploads\\\/2024\\\/05\\\/LOGO-HOTEL-SAINT-LAURENT-WHITE.png\",\"width\":2160,\"height\":975,\"caption\":\"Hotel Saint Laurent\"},\"image\":{\"@id\":\"https:\\\/\\\/www.hotel-saint-laurent.com\\\/en\\\/#\\\/schema\\\/logo\\\/image\\\/\"}}]}<\/script>\n<!-- \/ Yoast SEO plugin. -->","yoast_head_json":{"title":"Contact - Hotel Saint Laurent","robots":{"index":"index","follow":"follow","max-snippet":"max-snippet:-1","max-image-preview":"max-image-preview:large","max-video-preview":"max-video-preview:-1"},"canonical":"https:\/\/www.hotel-saint-laurent.com\/en\/contact\/","og_locale":"en_US","og_type":"article","og_title":"Contact - Hotel Saint Laurent","og_description":"Contact For reservations and inquiries &#8230; BOOK NOW Contact information Saint-Laurent Hotel 21, rue des Foss\u00e9s10400 NOGENT SUR SEINEFrance Tel: +33 (0)3 25 39 71 46Email: contact@hotelsaintlaurent.fr Arriv\u00e9 &#8211; D\u00e9part (Check-in &#8211; Check-out) Arrival from 3:00 pmDeparture&nbsp;until 12:00 pm The reception is open:Monday to Friday from 6:30 am to 10:00 pmSaturday from 7:30 am to ...","og_url":"https:\/\/www.hotel-saint-laurent.com\/en\/contact\/","og_site_name":"Hotel Saint Laurent","article_modified_time":"2024-08-02T15:13:00+00:00","og_image":[{"url":"https:\/\/www.hotel-saint-laurent.com\/wp-content\/uploads\/2024\/05\/map_r_2000.jpg","type":"","width":"","height":""}],"twitter_card":"summary_large_image","twitter_misc":{"Est. reading time":"1 minute"},"schema":{"@context":"https:\/\/schema.org","@graph":[{"@type":"WebPage","@id":"https:\/\/www.hotel-saint-laurent.com\/en\/contact\/","url":"https:\/\/www.hotel-saint-laurent.com\/en\/contact\/","name":"Contact - Hotel Saint Laurent","isPartOf":{"@id":"https:\/\/www.hotel-saint-laurent.com\/en\/#website"},"primaryImageOfPage":{"@id":"https:\/\/www.hotel-saint-laurent.com\/en\/contact\/#primaryimage"},"image":{"@id":"https:\/\/www.hotel-saint-laurent.com\/en\/contact\/#primaryimage"},"thumbnailUrl":"https:\/\/www.hotel-saint-laurent.com\/wp-content\/uploads\/2024\/05\/map_r_2000.jpg","datePublished":"2023-03-18T07:10:54+00:00","dateModified":"2024-08-02T15:13:00+00:00","breadcrumb":{"@id":"https:\/\/www.hotel-saint-laurent.com\/en\/contact\/#breadcrumb"},"inLanguage":"en-US","potentialAction":[{"@type":"ReadAction","target":["https:\/\/www.hotel-saint-laurent.com\/en\/contact\/"]}]},{"@type":"ImageObject","inLanguage":"en-US","@id":"https:\/\/www.hotel-saint-laurent.com\/en\/contact\/#primaryimage","url":"https:\/\/www.hotel-saint-laurent.com\/wp-content\/uploads\/2024\/05\/map_r_2000.jpg","contentUrl":"https:\/\/www.hotel-saint-laurent.com\/wp-content\/uploads\/2024\/05\/map_r_2000.jpg"},{"@type":"BreadcrumbList","@id":"https:\/\/www.hotel-saint-laurent.com\/en\/contact\/#breadcrumb","itemListElement":[{"@type":"ListItem","position":1,"name":"Accueil","item":"https:\/\/www.hotel-saint-laurent.com\/en\/"},{"@type":"ListItem","position":2,"name":"Contact"}]},{"@type":"WebSite","@id":"https:\/\/www.hotel-saint-laurent.com\/en\/#website","url":"https:\/\/www.hotel-saint-laurent.com\/en\/","name":"Hotel Saint Laurent","description":"Le Bien \u00eatre \u00e0 Nogent-sur-seine ...","publisher":{"@id":"https:\/\/www.hotel-saint-laurent.com\/en\/#organization"},"potentialAction":[{"@type":"SearchAction","target":{"@type":"EntryPoint","urlTemplate":"https:\/\/www.hotel-saint-laurent.com\/en\/?s={search_term_string}"},"query-input":{"@type":"PropertyValueSpecification","valueRequired":true,"valueName":"search_term_string"}}],"inLanguage":"en-US"},{"@type":"Organization","@id":"https:\/\/www.hotel-saint-laurent.com\/en\/#organization","name":"Hotel Saint Laurent","url":"https:\/\/www.hotel-saint-laurent.com\/en\/","logo":{"@type":"ImageObject","inLanguage":"en-US","@id":"https:\/\/www.hotel-saint-laurent.com\/en\/#\/schema\/logo\/image\/","url":"https:\/\/www.hotel-saint-laurent.com\/wp-content\/uploads\/2024\/05\/LOGO-HOTEL-SAINT-LAURENT-WHITE.png","contentUrl":"https:\/\/www.hotel-saint-laurent.com\/wp-content\/uploads\/2024\/05\/LOGO-HOTEL-SAINT-LAURENT-WHITE.png","width":2160,"height":975,"caption":"Hotel Saint Laurent"},"image":{"@id":"https:\/\/www.hotel-saint-laurent.com\/en\/#\/schema\/logo\/image\/"}}]}},"_links":{"self":[{"href":"https:\/\/www.hotel-saint-laurent.com\/en\/wp-json\/wp\/v2\/pages\/3845","targetHints":{"allow":["GET"]}}],"collection":[{"href":"https:\/\/www.hotel-saint-laurent.com\/en\/wp-json\/wp\/v2\/pages"}],"about":[{"href":"https:\/\/www.hotel-saint-laurent.com\/en\/wp-json\/wp\/v2\/types\/page"}],"author":[{"embeddable":true,"href":"https:\/\/www.hotel-saint-laurent.com\/en\/wp-json\/wp\/v2\/users\/1"}],"replies":[{"embeddable":true,"href":"https:\/\/www.hotel-saint-laurent.com\/en\/wp-json\/wp\/v2\/comments?post=3845"}],"version-history":[{"count":10,"href":"https:\/\/www.hotel-saint-laurent.com\/en\/wp-json\/wp\/v2\/pages\/3845\/revisions"}],"predecessor-version":[{"id":3889,"href":"https:\/\/www.hotel-saint-laurent.com\/en\/wp-json\/wp\/v2\/pages\/3845\/revisions\/3889"}],"wp:attachment":[{"href":"https:\/\/www.hotel-saint-laurent.com\/en\/wp-json\/wp\/v2\/media?parent=3845"}],"curies":[{"name":"wp","href":"https:\/\/api.w.org\/{rel}","templated":true}]}}